{"id":3963,"date":"2022-05-16T15:35:57","date_gmt":"2022-05-16T13:35:57","guid":{"rendered":"https:\/\/preprod.wisium.com\/?page_id=3963"},"modified":"2024-02-29T13:00:11","modified_gmt":"2024-02-29T16:00:11","slug":"home","status":"publish","type":"page","link":"https:\/\/www.premix.adm.com\/mx\/","title":{"rendered":"Home"},"content":{"rendered":"","protected":false},"excerpt":{"rendered":"","protected":false},"author":13,"featured_media":7264,"parent":0,"menu_order":0,"comment_status":"closed","ping_status":"open","template":"","meta":{"_acf_changed":false,"footnotes":""},"class_list":["post-3963","page","type-page","status-publish","has-post-thumbnail","hentry"],"acf":[],"yoast_head":"<!-- This site is optimized with the Yoast SEO plugin v27.3 - https:\/\/yoast.com\/product\/yoast-seo-wordpress\/ -->\n<title>\u00a1Descubre ADM!<\/title>\n<meta name=\"description\" content=\"A trav\u00e9s de un enfoque local y global, nuestros expertos est\u00e1n a tu disposici\u00f3n para responder a todas tus necesidades.\" \/>\n<meta name=\"robots\" content=\"index, follow, max-snippet:-1, max-image-preview:large, max-video-preview:-1\" \/>\n<link rel=\"canonical\" href=\"https:\/\/www.premix.adm.com\/mx\/\" \/>\n<meta property=\"og:locale\" content=\"es_MX\" \/>\n<meta property=\"og:type\" content=\"article\" \/>\n<meta property=\"og:title\" content=\"\u00a1Descubre ADM!\" \/>\n<meta property=\"og:description\" content=\"A trav\u00e9s de un enfoque local y global, nuestros expertos est\u00e1n a tu disposici\u00f3n para responder a todas tus necesidades.\" \/>\n<meta property=\"og:url\" content=\"https:\/\/www.premix.adm.com\/mx\/\" \/>\n<meta property=\"og:site_name\" content=\"ADM\" \/>\n<meta property=\"article:modified_time\" content=\"2024-02-29T16:00:11+00:00\" \/>\n<meta property=\"og:image\" content=\"https:\/\/www.premix.adm.com\/wp-content\/uploads\/2022\/07\/federico-respini-sYffw0LNr7s-unsplash-scaled-312x515-1.jpg\" \/>\n\t<meta property=\"og:image:width\" content=\"312\" \/>\n\t<meta property=\"og:image:height\" content=\"515\" \/>\n\t<meta property=\"og:image:type\" content=\"image\/jpeg\" \/>\n<meta name=\"twitter:card\" content=\"summary_large_image\" \/>\n<script type=\"application\/ld+json\" class=\"yoast-schema-graph\">{\"@context\":\"https:\\\/\\\/schema.org\",\"@graph\":[{\"@type\":\"WebPage\",\"@id\":\"https:\\\/\\\/www.premix.adm.com\\\/mx\\\/\",\"url\":\"https:\\\/\\\/www.premix.adm.com\\\/mx\\\/\",\"name\":\"\u00a1Descubre ADM!\",\"isPartOf\":{\"@id\":\"https:\\\/\\\/www.premix.adm.com\\\/mx\\\/#website\"},\"primaryImageOfPage\":{\"@id\":\"https:\\\/\\\/www.premix.adm.com\\\/mx\\\/#primaryimage\"},\"image\":{\"@id\":\"https:\\\/\\\/www.premix.adm.com\\\/mx\\\/#primaryimage\"},\"thumbnailUrl\":\"https:\\\/\\\/www.premix.adm.com\\\/wp-content\\\/uploads\\\/2022\\\/07\\\/federico-respini-sYffw0LNr7s-unsplash-scaled-312x515-1.jpg\",\"datePublished\":\"2022-05-16T13:35:57+00:00\",\"dateModified\":\"2024-02-29T16:00:11+00:00\",\"description\":\"A trav\u00e9s de un enfoque local y global, nuestros expertos est\u00e1n a tu disposici\u00f3n para responder a todas tus necesidades.\",\"breadcrumb\":{\"@id\":\"https:\\\/\\\/www.premix.adm.com\\\/mx\\\/#breadcrumb\"},\"inLanguage\":\"es\",\"potentialAction\":[{\"@type\":\"ReadAction\",\"target\":[\"https:\\\/\\\/www.premix.adm.com\\\/mx\\\/\"]}]},{\"@type\":\"ImageObject\",\"inLanguage\":\"es\",\"@id\":\"https:\\\/\\\/www.premix.adm.com\\\/mx\\\/#primaryimage\",\"url\":\"https:\\\/\\\/www.premix.adm.com\\\/wp-content\\\/uploads\\\/2022\\\/07\\\/federico-respini-sYffw0LNr7s-unsplash-scaled-312x515-1.jpg\",\"contentUrl\":\"https:\\\/\\\/www.premix.adm.com\\\/wp-content\\\/uploads\\\/2022\\\/07\\\/federico-respini-sYffw0LNr7s-unsplash-scaled-312x515-1.jpg\",\"width\":312,\"height\":515,\"caption\":\"MX HOME\"},{\"@type\":\"BreadcrumbList\",\"@id\":\"https:\\\/\\\/www.premix.adm.com\\\/mx\\\/#breadcrumb\",\"itemListElement\":[{\"@type\":\"ListItem\",\"position\":1,\"name\":\"Home\",\"item\":\"https:\\\/\\\/www.premix.adm.com\\\/mx\\\/\"},{\"@type\":\"ListItem\",\"position\":2,\"name\":\"Home\"}]},{\"@type\":\"WebSite\",\"@id\":\"https:\\\/\\\/www.premix.adm.com\\\/mx\\\/#website\",\"url\":\"https:\\\/\\\/www.premix.adm.com\\\/mx\\\/\",\"name\":\"ADM\",\"description\":\"\",\"potentialAction\":[{\"@type\":\"SearchAction\",\"target\":{\"@type\":\"EntryPoint\",\"urlTemplate\":\"https:\\\/\\\/www.premix.adm.com\\\/mx\\\/?s={search_term_string}\"},\"query-input\":{\"@type\":\"PropertyValueSpecification\",\"valueRequired\":true,\"valueName\":\"search_term_string\"}}],\"inLanguage\":\"es\"}]}<\/script>\n<!-- \/ Yoast SEO plugin. -->","yoast_head_json":{"title":"\u00a1Descubre ADM!","description":"A trav\u00e9s de un enfoque local y global, nuestros expertos est\u00e1n a tu disposici\u00f3n para responder a todas tus necesidades.","robots":{"index":"index","follow":"follow","max-snippet":"max-snippet:-1","max-image-preview":"max-image-preview:large","max-video-preview":"max-video-preview:-1"},"canonical":"https:\/\/www.premix.adm.com\/mx\/","og_locale":"es_MX","og_type":"article","og_title":"\u00a1Descubre ADM!","og_description":"A trav\u00e9s de un enfoque local y global, nuestros expertos est\u00e1n a tu disposici\u00f3n para responder a todas tus necesidades.","og_url":"https:\/\/www.premix.adm.com\/mx\/","og_site_name":"ADM","article_modified_time":"2024-02-29T16:00:11+00:00","og_image":[{"width":312,"height":515,"url":"https:\/\/www.premix.adm.com\/wp-content\/uploads\/2022\/07\/federico-respini-sYffw0LNr7s-unsplash-scaled-312x515-1.jpg","type":"image\/jpeg"}],"twitter_card":"summary_large_image","schema":{"@context":"https:\/\/schema.org","@graph":[{"@type":"WebPage","@id":"https:\/\/www.premix.adm.com\/mx\/","url":"https:\/\/www.premix.adm.com\/mx\/","name":"\u00a1Descubre ADM!","isPartOf":{"@id":"https:\/\/www.premix.adm.com\/mx\/#website"},"primaryImageOfPage":{"@id":"https:\/\/www.premix.adm.com\/mx\/#primaryimage"},"image":{"@id":"https:\/\/www.premix.adm.com\/mx\/#primaryimage"},"thumbnailUrl":"https:\/\/www.premix.adm.com\/wp-content\/uploads\/2022\/07\/federico-respini-sYffw0LNr7s-unsplash-scaled-312x515-1.jpg","datePublished":"2022-05-16T13:35:57+00:00","dateModified":"2024-02-29T16:00:11+00:00","description":"A trav\u00e9s de un enfoque local y global, nuestros expertos est\u00e1n a tu disposici\u00f3n para responder a todas tus necesidades.","breadcrumb":{"@id":"https:\/\/www.premix.adm.com\/mx\/#breadcrumb"},"inLanguage":"es","potentialAction":[{"@type":"ReadAction","target":["https:\/\/www.premix.adm.com\/mx\/"]}]},{"@type":"ImageObject","inLanguage":"es","@id":"https:\/\/www.premix.adm.com\/mx\/#primaryimage","url":"https:\/\/www.premix.adm.com\/wp-content\/uploads\/2022\/07\/federico-respini-sYffw0LNr7s-unsplash-scaled-312x515-1.jpg","contentUrl":"https:\/\/www.premix.adm.com\/wp-content\/uploads\/2022\/07\/federico-respini-sYffw0LNr7s-unsplash-scaled-312x515-1.jpg","width":312,"height":515,"caption":"MX HOME"},{"@type":"BreadcrumbList","@id":"https:\/\/www.premix.adm.com\/mx\/#breadcrumb","itemListElement":[{"@type":"ListItem","position":1,"name":"Home","item":"https:\/\/www.premix.adm.com\/mx\/"},{"@type":"ListItem","position":2,"name":"Home"}]},{"@type":"WebSite","@id":"https:\/\/www.premix.adm.com\/mx\/#website","url":"https:\/\/www.premix.adm.com\/mx\/","name":"ADM","description":"","potentialAction":[{"@type":"SearchAction","target":{"@type":"EntryPoint","urlTemplate":"https:\/\/www.premix.adm.com\/mx\/?s={search_term_string}"},"query-input":{"@type":"PropertyValueSpecification","valueRequired":true,"valueName":"search_term_string"}}],"inLanguage":"es"}]}},"_links":{"self":[{"href":"https:\/\/www.premix.adm.com\/mx\/wp-json\/wp\/v2\/pages\/3963","targetHints":{"allow":["GET"]}}],"collection":[{"href":"https:\/\/www.premix.adm.com\/mx\/wp-json\/wp\/v2\/pages"}],"about":[{"href":"https:\/\/www.premix.adm.com\/mx\/wp-json\/wp\/v2\/types\/page"}],"author":[{"embeddable":true,"href":"https:\/\/www.premix.adm.com\/mx\/wp-json\/wp\/v2\/users\/13"}],"replies":[{"embeddable":true,"href":"https:\/\/www.premix.adm.com\/mx\/wp-json\/wp\/v2\/comments?post=3963"}],"version-history":[{"count":5,"href":"https:\/\/www.premix.adm.com\/mx\/wp-json\/wp\/v2\/pages\/3963\/revisions"}],"predecessor-version":[{"id":14979,"href":"https:\/\/www.premix.adm.com\/mx\/wp-json\/wp\/v2\/pages\/3963\/revisions\/14979"}],"wp:featuredmedia":[{"embeddable":true,"href":"https:\/\/www.premix.adm.com\/mx\/wp-json\/wp\/v2\/media\/7264"}],"wp:attachment":[{"href":"https:\/\/www.premix.adm.com\/mx\/wp-json\/wp\/v2\/media?parent=3963"}],"curies":[{"name":"wp","href":"https:\/\/api.w.org\/{rel}","templated":true}]}}